{"id":216,"date":"2025-05-12T16:50:11","date_gmt":"2025-05-12T16:50:11","guid":{"rendered":"https:\/\/martinocommercialroofing.com\/?page_id=216"},"modified":"2025-05-12T16:52:16","modified_gmt":"2025-05-12T16:52:16","slug":"standing-seam-metal-roofing","status":"publish","type":"page","link":"https:\/\/martinocommercialroofing.com\/es\/standing-seam-metal-roofing\/","title":{"rendered":"Techos Met\u00e1licos de Junta Alzada"},"content":{"rendered":"<div data-elementor-type=\"wp-page\" data-elementor-id=\"216\" class=\"elementor elementor-216\" data-elementor-post-type=\"page\">\n\t\t\t\t<div data-particle_enable=\"false\" data-particle-mobile-disabled=\"false\" class=\"elementor-element elementor-element-1c5c5916 e-flex e-con-boxed e-con e-parent\" data-id=\"1c5c5916\" data-element_type=\"container\" data-settings=\"{&quot;background_background&quot;:&quot;classic&quot;}\">\n\t\t\t\t\t<div class=\"e-con-inner\">\n\t\t\t\t\t<\/div>\n\t\t\t\t<\/div>\n\t\t<div data-particle_enable=\"false\" data-particle-mobile-disabled=\"false\" class=\"elementor-element elementor-element-699807b e-flex e-con-boxed e-con e-parent\" data-id=\"699807b\" data-element_type=\"container\">\n\t\t\t\t\t<div class=\"e-con-inner\">\n\t\t\t\t<div class=\"elementor-element elementor-element-ef51480 elementor-invisible elementor-widget elementor-widget-text-editor\" data-id=\"ef51480\" data-element_type=\"widget\" data-settings=\"{&quot;_animation&quot;:&quot;fadeIn&quot;}\" data-widget_type=\"text-editor.default\">\n\t\t\t\t<div class=\"elementor-widget-container\">\n\t\t\t\t\t\t\t\t\t<p class=\"\" data-start=\"5274\" data-end=\"5497\">\u00bfBuscas <strong data-start=\"5288\" data-end=\"5337\">una soluci\u00f3n de techado duradera<\/strong> y de alto rendimiento? Nuestros techos met\u00e1licos de junta alzada ofrecen durabilidad superior, eficiencia energ\u00e9tica y una apariencia moderna y\nestilizada\u2014ideales para edificios comerciales, industriales e institucionales.<\/p><p class=\"\" data-start=\"5499\" data-end=\"5677\"><strong data-start=\"5499\" data-end=\"5533\">\u00bfQu\u00e9 es un Techo de Junta Alzada?<\/strong><br data-start=\"5533\" data-end=\"5536\" \/>Son paneles met\u00e1licos continuos que se instalan verticalmente desde la cumbrera hasta el alero,\ncon sujetadores ocultos y costuras elevadas que se entrelazan, ofreciendo excelente resistencia\nal agua y al viento. <strong data-start=\"5616\" data-end=\"5646\">maximum weather resistance<\/strong> and clean architectural lines.<\/p>\t\t\t\t\t\t\t\t<\/div>\n\t\t\t\t<\/div>\n\t\t\t\t\t<\/div>\n\t\t\t\t<\/div>\n\t\t<div data-particle_enable=\"false\" data-particle-mobile-disabled=\"false\" class=\"elementor-element elementor-element-1c16a2a e-flex e-con-boxed e-con e-parent\" data-id=\"1c16a2a\" data-element_type=\"container\">\n\t\t\t\t\t<div class=\"e-con-inner\">\n\t\t<div data-particle_enable=\"false\" data-particle-mobile-disabled=\"false\" class=\"elementor-element elementor-element-d522d25 e-con-full e-flex e-con e-child\" data-id=\"d522d25\" data-element_type=\"container\">\n\t\t\t\t<div class=\"elementor-element elementor-element-b0ba0a8 elementor-invisible elementor-widget elementor-widget-text-editor\" data-id=\"b0ba0a8\" data-element_type=\"widget\" data-settings=\"{&quot;_animation&quot;:&quot;fadeIn&quot;}\" data-widget_type=\"text-editor.default\">\n\t\t\t\t<div class=\"elementor-widget-container\">\n\t\t\t\t\t\t\t\t\t<p class=\"\" data-start=\"5679\" data-end=\"5704\"><strong data-start=\"5679\" data-end=\"5704\">Nuestros Servicios Incluyen:<\/strong><\/p><ul data-start=\"5705\" data-end=\"5998\"><li class=\"\" data-start=\"5705\" data-end=\"5763\"><p class=\"\" data-start=\"5707\" data-end=\"5763\">Fabricaci\u00f3n personalizada de paneles en acero, aluminio o cobre<\/p><\/li><li class=\"\" data-start=\"5764\" data-end=\"5809\"><p class=\"\" data-start=\"5766\" data-end=\"5809\">Sistemas de ensamblaje tipo snap-lock o sellado mec\u00e1nico<\/p><\/li><li class=\"\" data-start=\"5810\" data-end=\"5852\"><p class=\"\" data-start=\"5812\" data-end=\"5852\">Formaci\u00f3n en sitio (cuando se requieren paneles largos)<\/p><\/li><li class=\"\" data-start=\"5853\" data-end=\"5905\"><p class=\"\" data-start=\"5855\" data-end=\"5905\">Integraci\u00f3n con aislamiento y sistemas de impermeabilizaci\u00f3n<\/p><\/li><li class=\"\" data-start=\"5906\" data-end=\"5950\"><p class=\"\" data-start=\"5908\" data-end=\"5950\">Detallado de guardanieves, canaletas y bordes met\u00e1licos<\/p><\/li><li class=\"\" data-start=\"5951\" data-end=\"5998\"><p class=\"\" data-start=\"5953\" data-end=\"5998\">Instalaciones con clasificaci\u00f3n de resistencia al viento y cumplimiento de c\u00f3digos<\/p><\/li><\/ul><p class=\"\" data-start=\"6000\" data-end=\"6036\"><strong data-start=\"6000\" data-end=\"6036\">Beneficios de los Techos de Junta Alzada:<\/strong><\/p><ul data-start=\"6037\" data-end=\"6222\"><li class=\"\" data-start=\"6037\" data-end=\"6080\"><p class=\"\" data-start=\"6039\" data-end=\"6080\">Vida \u00fatil de 40 a 50 a\u00f1os con mantenimiento m\u00ednimo<\/p><\/li><li class=\"\" data-start=\"6081\" data-end=\"6122\"><p class=\"\" data-start=\"6083\" data-end=\"6122\">Protecci\u00f3n superior contra el clima y control t\u00e9rmico<\/p><\/li><li class=\"\" data-start=\"6123\" data-end=\"6167\"><p class=\"\" data-start=\"6125\" data-end=\"6167\">Alta eficiencia energ\u00e9tica con recubrimientos reflectivos<\/p><\/li><li class=\"\" data-start=\"6168\" data-end=\"6194\"><p class=\"\" data-start=\"6170\" data-end=\"6194\">Compatibles con sistemas de paneles solares<\/p><\/li><li class=\"\" data-start=\"6195\" data-end=\"6222\"><p class=\"\" data-start=\"6197\" data-end=\"6222\">Est\u00e9tica limpia y moderna para edificios comerciales de alto nivel<\/p><\/li><\/ul><p class=\"\" data-start=\"6224\" data-end=\"6240\"><strong data-start=\"6224\" data-end=\"6238\">Ideal Para:<\/strong><\/p><ul data-start=\"6241\" data-end=\"6377\"><li class=\"\" data-start=\"6241\" data-end=\"6261\"><p class=\"\" data-start=\"6243\" data-end=\"6261\">Oficinas<\/p><\/li><li class=\"\" data-start=\"6262\" data-end=\"6276\"><p class=\"\" data-start=\"6264\" data-end=\"6276\">Almacenes<\/p><\/li><li class=\"\" data-start=\"6277\" data-end=\"6305\"><p class=\"\" data-start=\"6279\" data-end=\"6305\">Instituciones educativas<\/p><\/li><li class=\"\" data-start=\"6306\" data-end=\"6341\"><p class=\"\" data-start=\"6308\" data-end=\"6341\">Iglesias e instalaciones municipales<\/p><\/li><li class=\"\" data-start=\"6342\" data-end=\"6377\"><p class=\"\" data-start=\"6344\" data-end=\"6377\">Desarrollos comerciales y mixtos<\/p><\/li><\/ul>\t\t\t\t\t\t\t\t<\/div>\n\t\t\t\t<\/div>\n\t\t\t\t<\/div>\n\t\t<div data-particle_enable=\"false\" data-particle-mobile-disabled=\"false\" class=\"elementor-element elementor-element-84c6355 e-con-full e-flex e-con e-child\" data-id=\"84c6355\" data-element_type=\"container\">\n\t\t\t\t<div class=\"elementor-element elementor-element-cfe8c07 elementor-invisible elementor-widget elementor-widget-image\" data-id=\"cfe8c07\" data-element_type=\"widget\" data-settings=\"{&quot;_animation&quot;:&quot;fadeIn&quot;}\" data-widget_type=\"image.default\">\n\t\t\t\t<div class=\"elementor-widget-container\">\n\t\t\t\t\t\t\t\t\t\t\t\t\t\t\t<img fetchpriority=\"high\" decoding=\"async\" width=\"600\" height=\"700\" src=\"https:\/\/martinocommercialroofing.com\/wp-content\/uploads\/2025\/05\/4.jpg\" class=\"attachment-large size-large wp-image-72\" alt=\"\" srcset=\"https:\/\/martinocommercialroofing.com\/wp-content\/uploads\/2025\/05\/4.jpg 600w, https:\/\/martinocommercialroofing.com\/wp-content\/uploads\/2025\/05\/4-257x300.jpg 257w\" sizes=\"(max-width: 600px) 100vw, 600px\" \/>\t\t\t\t\t\t\t\t\t\t\t\t\t\t\t<\/div>\n\t\t\t\t<\/div>\n\t\t\t\t<\/div>\n\t\t\t\t\t<\/div>\n\t\t\t\t<\/div>\n\t\t\t\t<\/div>","protected":false},"excerpt":{"rendered":"<p>Looking for a long-lasting, high-performance roofing system with a clean, modern look? Standing seam metal roofing is ideal for commercial, industrial, and institutional buildings seeking durability and aesthetic value. What is Standing Seam Roofing?A system of vertical metal panels with concealed fasteners and raised seams for maximum weather resistance and clean architectural lines. Our Services [&hellip;]<\/p>","protected":false},"author":1,"featured_media":0,"parent":0,"menu_order":0,"comment_status":"closed","ping_status":"closed","template":"","meta":{"footnotes":""},"class_list":["post-216","page","type-page","status-publish","hentry"],"_links":{"self":[{"href":"https:\/\/martinocommercialroofing.com\/es\/wp-json\/wp\/v2\/pages\/216","targetHints":{"allow":["GET"]}}],"collection":[{"href":"https:\/\/martinocommercialroofing.com\/es\/wp-json\/wp\/v2\/pages"}],"about":[{"href":"https:\/\/martinocommercialroofing.com\/es\/wp-json\/wp\/v2\/types\/page"}],"author":[{"embeddable":true,"href":"https:\/\/martinocommercialroofing.com\/es\/wp-json\/wp\/v2\/users\/1"}],"replies":[{"embeddable":true,"href":"https:\/\/martinocommercialroofing.com\/es\/wp-json\/wp\/v2\/comments?post=216"}],"version-history":[{"count":7,"href":"https:\/\/martinocommercialroofing.com\/es\/wp-json\/wp\/v2\/pages\/216\/revisions"}],"predecessor-version":[{"id":223,"href":"https:\/\/martinocommercialroofing.com\/es\/wp-json\/wp\/v2\/pages\/216\/revisions\/223"}],"wp:attachment":[{"href":"https:\/\/martinocommercialroofing.com\/es\/wp-json\/wp\/v2\/media?parent=216"}],"curies":[{"name":"wp","href":"https:\/\/api.w.org\/{rel}","templated":true}]}}