{"id":204,"date":"2025-05-12T16:46:45","date_gmt":"2025-05-12T16:46:45","guid":{"rendered":"https:\/\/martinocommercialroofing.com\/?page_id=204"},"modified":"2025-05-12T16:57:17","modified_gmt":"2025-05-12T16:57:17","slug":"custom-metal-copings-edge-metal-solutions","status":"publish","type":"page","link":"https:\/\/martinocommercialroofing.com\/es\/custom-metal-copings-edge-metal-solutions\/","title":{"rendered":"Recubrimientos Met\u00e1licos Personalizados y Soluciones de Bordes"},"content":{"rendered":"<div data-elementor-type=\"wp-page\" data-elementor-id=\"204\" class=\"elementor elementor-204\" data-elementor-post-type=\"page\">\n\t\t\t\t<div data-particle_enable=\"false\" data-particle-mobile-disabled=\"false\" class=\"elementor-element elementor-element-1c5c5916 e-flex e-con-boxed e-con e-parent\" data-id=\"1c5c5916\" data-element_type=\"container\" data-settings=\"{&quot;background_background&quot;:&quot;classic&quot;}\">\n\t\t\t\t\t<div class=\"e-con-inner\">\n\t\t\t\t\t<\/div>\n\t\t\t\t<\/div>\n\t\t<div data-particle_enable=\"false\" data-particle-mobile-disabled=\"false\" class=\"elementor-element elementor-element-699807b e-flex e-con-boxed e-con e-parent\" data-id=\"699807b\" data-element_type=\"container\">\n\t\t\t\t\t<div class=\"e-con-inner\">\n\t\t\t\t<div class=\"elementor-element elementor-element-ef51480 elementor-invisible elementor-widget elementor-widget-text-editor\" data-id=\"ef51480\" data-element_type=\"widget\" data-settings=\"{&quot;_animation&quot;:&quot;fadeIn&quot;}\" data-widget_type=\"text-editor.default\">\n\t\t\t\t<div class=\"elementor-widget-container\">\n\t\t\t\t\t\t\t\t\t<p class=\"\" data-start=\"4307\" data-end=\"4519\">Proteja el per\u00edmetro de su edificio con <strong data-start=\"4346\" data-end=\"4390\">Copings met\u00e1licos duraderos y fabricados a medida<\/strong> y sistemas met\u00e1licos de borde. Estos elementos mejoran el rendimiento y la est\u00e9tica, a la vez que cumplen con todos los requisitos de garant\u00eda y normativa.<\/p><p class=\"\" data-start=\"4521\" data-end=\"4698\"><strong data-start=\"4521\" data-end=\"4548\">\u00bfQu\u00e9 son los Copings Met\u00e1licos?<\/strong><br data-start=\"4548\" data-end=\"4551\" \/>Son tapas protectoras instaladas en el borde superior de muros perimetrales o parapetos.\nProporcionan un acabado limpio y protegen contra la intrusi\u00f3n de agua, el levantamiento por\nviento y el movimiento t\u00e9rmico. <strong data-start=\"4642\" data-end=\"4697\">water intrusion, wind uplift, and thermal expansion<\/strong>.<\/p>\t\t\t\t\t\t\t\t<\/div>\n\t\t\t\t<\/div>\n\t\t\t\t\t<\/div>\n\t\t\t\t<\/div>\n\t\t<div data-particle_enable=\"false\" data-particle-mobile-disabled=\"false\" class=\"elementor-element elementor-element-1c16a2a e-flex e-con-boxed e-con e-parent\" data-id=\"1c16a2a\" data-element_type=\"container\">\n\t\t\t\t\t<div class=\"e-con-inner\">\n\t\t<div data-particle_enable=\"false\" data-particle-mobile-disabled=\"false\" class=\"elementor-element elementor-element-d522d25 e-con-full e-flex e-con e-child\" data-id=\"d522d25\" data-element_type=\"container\">\n\t\t\t\t<div class=\"elementor-element elementor-element-b0ba0a8 elementor-invisible elementor-widget elementor-widget-text-editor\" data-id=\"b0ba0a8\" data-element_type=\"widget\" data-settings=\"{&quot;_animation&quot;:&quot;fadeIn&quot;}\" data-widget_type=\"text-editor.default\">\n\t\t\t\t<div class=\"elementor-widget-container\">\n\t\t\t\t\t\t\t\t\t<p class=\"\" data-start=\"4700\" data-end=\"4736\"><strong data-start=\"4700\" data-end=\"4736\">Nuestros Servicios Incluyen:<\/strong><\/p><ul data-start=\"4737\" data-end=\"5076\"><li class=\"\" data-start=\"4737\" data-end=\"4806\"><p class=\"\" data-start=\"4739\" data-end=\"4806\">Fabricaci\u00f3n personalizada en aluminio, acero galvanizado o metal con recubrimiento\nKynar<\/p><\/li><li class=\"\" data-start=\"4807\" data-end=\"4867\"><p class=\"\" data-start=\"4809\" data-end=\"4867\">Combinaci\u00f3n de color y perfil para integrarse con la est\u00e9tica del edificio<\/p><\/li><li class=\"\" data-start=\"4868\" data-end=\"4917\"><p class=\"\" data-start=\"4870\" data-end=\"4917\">Sistemas completamente soldados o fijados mec\u00e1nicamente<\/p><\/li><li class=\"\" data-start=\"4918\" data-end=\"4975\"><p class=\"\" data-start=\"4920\" data-end=\"4975\">Instalaci\u00f3n seg\u00fan est\u00e1ndares ANSI\/SPRI ES-1 para resistencia al viento<\/p><\/li><li class=\"\" data-start=\"4976\" data-end=\"5025\"><p class=\"\" data-start=\"4978\" data-end=\"5025\">Integraci\u00f3n con sistemas de techado TPO, PVC y met\u00e1licos<\/p><\/li><li class=\"\" data-start=\"5026\" data-end=\"5076\"><p class=\"\" data-start=\"5028\" data-end=\"5076\">Integraci\u00f3n de tapajuntas en muros interiores y exteriores<\/p><\/li><\/ul><p class=\"\" data-start=\"5078\" data-end=\"5094\"><strong data-start=\"5078\" data-end=\"5092\">Ideal Para:<\/strong><\/p><ul data-start=\"5095\" data-end=\"5227\"><li class=\"\" data-start=\"5095\" data-end=\"5115\"><p class=\"\" data-start=\"5097\" data-end=\"5115\">Oficinas<\/p><\/li><li class=\"\" data-start=\"5116\" data-end=\"5149\"><p class=\"\" data-start=\"5118\" data-end=\"5149\">Almacenes e instalaciones industriales<\/p><\/li><li class=\"\" data-start=\"5150\" data-end=\"5170\"><p class=\"\" data-start=\"5152\" data-end=\"5170\">Centros Comerciales<\/p><\/li><li class=\"\" data-start=\"5171\" data-end=\"5195\"><p class=\"\" data-start=\"5173\" data-end=\"5195\">Viviendas multifamiliares<\/p><\/li><li class=\"\" data-start=\"5196\" data-end=\"5227\"><p class=\"\" data-start=\"5198\" data-end=\"5227\">Escuelas e instalaciones p\u00fablicas<\/p><\/li><\/ul>\t\t\t\t\t\t\t\t<\/div>\n\t\t\t\t<\/div>\n\t\t\t\t<\/div>\n\t\t<div data-particle_enable=\"false\" data-particle-mobile-disabled=\"false\" class=\"elementor-element elementor-element-84c6355 e-con-full e-flex e-con e-child\" data-id=\"84c6355\" data-element_type=\"container\">\n\t\t\t\t<div class=\"elementor-element elementor-element-cfe8c07 elementor-invisible elementor-widget elementor-widget-image\" data-id=\"cfe8c07\" data-element_type=\"widget\" data-settings=\"{&quot;_animation&quot;:&quot;fadeIn&quot;}\" data-widget_type=\"image.default\">\n\t\t\t\t<div class=\"elementor-widget-container\">\n\t\t\t\t\t\t\t\t\t\t\t\t\t\t\t<img fetchpriority=\"high\" decoding=\"async\" width=\"600\" height=\"700\" src=\"https:\/\/martinocommercialroofing.com\/wp-content\/uploads\/2025\/05\/13.jpg\" class=\"attachment-large size-large wp-image-81\" alt=\"\" srcset=\"https:\/\/martinocommercialroofing.com\/wp-content\/uploads\/2025\/05\/13.jpg 600w, https:\/\/martinocommercialroofing.com\/wp-content\/uploads\/2025\/05\/13-257x300.jpg 257w\" sizes=\"(max-width: 600px) 100vw, 600px\" \/>\t\t\t\t\t\t\t\t\t\t\t\t\t\t\t<\/div>\n\t\t\t\t<\/div>\n\t\t\t\t<\/div>\n\t\t\t\t\t<\/div>\n\t\t\t\t<\/div>\n\t\t\t\t<\/div>","protected":false},"excerpt":{"rendered":"<p>Protect your building\u2019s perimeter with durable, custom-fabricated metal copings and edge metal systems. These elements enhance both performance and aesthetics while meeting all warranty and code requirements. What Are Metal Copings?Protective metal caps installed on parapet walls and roof edges, shielding structures from water intrusion, wind uplift, and thermal expansion. Our Coping Cap Services Include: [&hellip;]<\/p>","protected":false},"author":1,"featured_media":0,"parent":0,"menu_order":0,"comment_status":"closed","ping_status":"closed","template":"","meta":{"footnotes":""},"class_list":["post-204","page","type-page","status-publish","hentry"],"_links":{"self":[{"href":"https:\/\/martinocommercialroofing.com\/es\/wp-json\/wp\/v2\/pages\/204","targetHints":{"allow":["GET"]}}],"collection":[{"href":"https:\/\/martinocommercialroofing.com\/es\/wp-json\/wp\/v2\/pages"}],"about":[{"href":"https:\/\/martinocommercialroofing.com\/es\/wp-json\/wp\/v2\/types\/page"}],"author":[{"embeddable":true,"href":"https:\/\/martinocommercialroofing.com\/es\/wp-json\/wp\/v2\/users\/1"}],"replies":[{"embeddable":true,"href":"https:\/\/martinocommercialroofing.com\/es\/wp-json\/wp\/v2\/comments?post=204"}],"version-history":[{"count":7,"href":"https:\/\/martinocommercialroofing.com\/es\/wp-json\/wp\/v2\/pages\/204\/revisions"}],"predecessor-version":[{"id":235,"href":"https:\/\/martinocommercialroofing.com\/es\/wp-json\/wp\/v2\/pages\/204\/revisions\/235"}],"wp:attachment":[{"href":"https:\/\/martinocommercialroofing.com\/es\/wp-json\/wp\/v2\/media?parent=204"}],"curies":[{"name":"wp","href":"https:\/\/api.w.org\/{rel}","templated":true}]}}