{"id":199,"date":"2025-05-12T16:44:59","date_gmt":"2025-05-12T16:44:59","guid":{"rendered":"https:\/\/martinocommercialroofing.com\/?page_id=199"},"modified":"2025-05-12T16:49:30","modified_gmt":"2025-05-12T16:49:30","slug":"commercial-roof-repairs-24-7-emergency-service","status":"publish","type":"page","link":"https:\/\/martinocommercialroofing.com\/es\/commercial-roof-repairs-24-7-emergency-service\/","title":{"rendered":"Reparaciones de Techos Comerciales y Servicio de Emergencia 24\/7"},"content":{"rendered":"<div data-elementor-type=\"wp-page\" data-elementor-id=\"199\" class=\"elementor elementor-199\" data-elementor-post-type=\"page\">\n\t\t\t\t<div data-particle_enable=\"false\" data-particle-mobile-disabled=\"false\" class=\"elementor-element elementor-element-1c5c5916 e-flex e-con-boxed e-con e-parent\" data-id=\"1c5c5916\" data-element_type=\"container\" data-settings=\"{&quot;background_background&quot;:&quot;classic&quot;}\">\n\t\t\t\t\t<div class=\"e-con-inner\">\n\t\t\t\t\t<\/div>\n\t\t\t\t<\/div>\n\t\t<div data-particle_enable=\"false\" data-particle-mobile-disabled=\"false\" class=\"elementor-element elementor-element-699807b e-flex e-con-boxed e-con e-parent\" data-id=\"699807b\" data-element_type=\"container\">\n\t\t\t\t\t<div class=\"e-con-inner\">\n\t\t\t\t<div class=\"elementor-element elementor-element-ef51480 elementor-invisible elementor-widget elementor-widget-text-editor\" data-id=\"ef51480\" data-element_type=\"widget\" data-settings=\"{&quot;_animation&quot;:&quot;fadeIn&quot;}\" data-widget_type=\"text-editor.default\">\n\t\t\t\t<div class=\"elementor-widget-container\">\n\t\t\t\t\t\t\t\t\t<p class=\"\" data-start=\"3290\" data-end=\"3467\">Los problemas en los techos pueden ocurrir en cualquier momento\u2014filtraciones, da\u00f1os por\ntormenta, perforaciones o desgaste. <strong data-start=\"3388\" data-end=\"3414\">En Martino Roofing, ofrecemos reparaciones r\u00e1pidas<\/strong> y confiables para proteger tu propiedad y prevenir da\u00f1os mayores.<\/p><p class=\"\" data-start=\"3469\" data-end=\"3567\">Nuestro equipo est\u00e1 disponible <strong data-start=\"3498\" data-end=\"3506\">24\/7<\/strong> 24\/7 para llamadas de emergencia, listo para responder cuando m\u00e1s lo necesites.<\/p>\t\t\t\t\t\t\t\t<\/div>\n\t\t\t\t<\/div>\n\t\t\t\t\t<\/div>\n\t\t\t\t<\/div>\n\t\t<div data-particle_enable=\"false\" data-particle-mobile-disabled=\"false\" class=\"elementor-element elementor-element-1c16a2a e-flex e-con-boxed e-con e-parent\" data-id=\"1c16a2a\" data-element_type=\"container\">\n\t\t\t\t\t<div class=\"e-con-inner\">\n\t\t<div data-particle_enable=\"false\" data-particle-mobile-disabled=\"false\" class=\"elementor-element elementor-element-84c6355 e-con-full e-flex e-con e-child\" data-id=\"84c6355\" data-element_type=\"container\">\n\t\t\t\t<div class=\"elementor-element elementor-element-cfe8c07 elementor-invisible elementor-widget elementor-widget-image\" data-id=\"cfe8c07\" data-element_type=\"widget\" data-settings=\"{&quot;_animation&quot;:&quot;fadeIn&quot;}\" data-widget_type=\"image.default\">\n\t\t\t\t<div class=\"elementor-widget-container\">\n\t\t\t\t\t\t\t\t\t\t\t\t\t\t\t<img fetchpriority=\"high\" decoding=\"async\" width=\"600\" height=\"700\" src=\"https:\/\/martinocommercialroofing.com\/wp-content\/uploads\/2025\/05\/6.jpg\" class=\"attachment-large size-large wp-image-74\" alt=\"\" srcset=\"https:\/\/martinocommercialroofing.com\/wp-content\/uploads\/2025\/05\/6.jpg 600w, https:\/\/martinocommercialroofing.com\/wp-content\/uploads\/2025\/05\/6-257x300.jpg 257w\" sizes=\"(max-width: 600px) 100vw, 600px\" \/>\t\t\t\t\t\t\t\t\t\t\t\t\t\t\t<\/div>\n\t\t\t\t<\/div>\n\t\t\t\t<\/div>\n\t\t<div data-particle_enable=\"false\" data-particle-mobile-disabled=\"false\" class=\"elementor-element elementor-element-d522d25 e-con-full e-flex e-con e-child\" data-id=\"d522d25\" data-element_type=\"container\">\n\t\t\t\t<div class=\"elementor-element elementor-element-b0ba0a8 elementor-invisible elementor-widget elementor-widget-text-editor\" data-id=\"b0ba0a8\" data-element_type=\"widget\" data-settings=\"{&quot;_animation&quot;:&quot;fadeIn&quot;}\" data-widget_type=\"text-editor.default\">\n\t\t\t\t<div class=\"elementor-widget-container\">\n\t\t\t\t\t\t\t\t\t<p class=\"\" data-start=\"3569\" data-end=\"3599\"><strong data-start=\"3569\" data-end=\"3599\">Nuestros Servicios de Reparaci\u00f3n Cubren:<\/strong><\/p><ul data-start=\"3600\" data-end=\"3844\"><li class=\"\" data-start=\"3600\" data-end=\"3631\"><p class=\"\" data-start=\"3602\" data-end=\"3631\">Detecci\u00f3n y reparaci\u00f3n de filtraciones<\/p><\/li><li class=\"\" data-start=\"3632\" data-end=\"3664\"><p class=\"\" data-start=\"3634\" data-end=\"3664\">Reparaci\u00f3n de da\u00f1os por tormenta y viento<\/p><\/li><li class=\"\" data-start=\"3665\" data-end=\"3705\"><p class=\"\" data-start=\"3667\" data-end=\"3705\">Reparaci\u00f3n de tapajuntas, membranas y juntas<\/p><\/li><li class=\"\" data-start=\"3706\" data-end=\"3734\"><p class=\"\" data-start=\"3708\" data-end=\"3734\">Soluciones para acumulaci\u00f3n de agua (estancamientos)<\/p><\/li><li class=\"\" data-start=\"3735\" data-end=\"3766\"><p class=\"\" data-start=\"3737\" data-end=\"3766\">Reparaciones de drenaje y canaletas<\/p><\/li><li class=\"\" data-start=\"3767\" data-end=\"3811\"><p class=\"\" data-start=\"3769\" data-end=\"3811\">Filtraciones relacionadas con equipos y penetraciones<\/p><\/li><li class=\"\" data-start=\"3812\" data-end=\"3844\"><p class=\"\" data-start=\"3814\" data-end=\"3844\">Cubiertas temporales y protecci\u00f3n impermeable de emergencia<\/p><\/li><\/ul><p class=\"\" data-start=\"3846\" data-end=\"3883\"><strong data-start=\"3846\" data-end=\"3883\">Respuesta de Emergencia 24\/7<\/strong><\/p><ul data-start=\"3884\" data-end=\"4045\"><li class=\"\" data-start=\"3884\" data-end=\"3908\"><p class=\"\" data-start=\"3886\" data-end=\"3908\">Equipos de respuesta r\u00e1pida<\/p><\/li><li class=\"\" data-start=\"3909\" data-end=\"3936\"><p class=\"\" data-start=\"3911\" data-end=\"3936\">Soluciones temporales de impermeabilizaci\u00f3n<\/p><\/li><li class=\"\" data-start=\"3937\" data-end=\"3976\"><p class=\"\" data-start=\"3939\" data-end=\"3976\">Evaluaci\u00f3n completa con documentaci\u00f3n fotogr\u00e1fica<\/p><\/li><li class=\"\" data-start=\"3977\" data-end=\"4008\"><p class=\"\" data-start=\"3979\" data-end=\"4008\">Apoyo y reportes para seguros<\/p><\/li><li class=\"\" data-start=\"4009\" data-end=\"4045\"><p class=\"\" data-start=\"4011\" data-end=\"4045\">Recomendaciones y cotizaciones para reparaciones permanentes<\/p><\/li><\/ul><p class=\"\" data-start=\"4047\" data-end=\"4061\"><strong data-start=\"4047\" data-end=\"4059\">Servicio:<\/strong><\/p><ul data-start=\"4062\" data-end=\"4244\"><li class=\"\" data-start=\"4062\" data-end=\"4092\"><p class=\"\" data-start=\"4064\" data-end=\"4092\">Tiendas minoristas y centros comerciales<\/p><\/li><li class=\"\" data-start=\"4093\" data-end=\"4134\"><p class=\"\" data-start=\"4095\" data-end=\"4134\">Instalaciones industriales y manufactureras<\/p><\/li><li class=\"\" data-start=\"4135\" data-end=\"4168\"><p class=\"\" data-start=\"4137\" data-end=\"4168\">Escuelas y edificios municipales<\/p><\/li><li class=\"\" data-start=\"4169\" data-end=\"4203\"><p class=\"\" data-start=\"4171\" data-end=\"4203\">Almacenes y centros log\u00edsticos<\/p><\/li><li class=\"\" data-start=\"4204\" data-end=\"4244\"><p class=\"\" data-start=\"4206\" data-end=\"4244\">Viviendas multifamiliares y complejos residenciales<\/p><\/li><\/ul>\t\t\t\t\t\t\t\t<\/div>\n\t\t\t\t<\/div>\n\t\t\t\t<\/div>\n\t\t\t\t\t<\/div>\n\t\t\t\t<\/div>\n\t\t\t\t<\/div>","protected":false},"excerpt":{"rendered":"<p>Roof problems can strike at any time\u2014leaks, storm damage, punctures, or wear and tear. We provide fast, reliable repairs to protect your property and prevent further damage. Our expert team is available 24\/7 for emergency calls, ready to respond when you need us most. Our Repair Services Cover: Leak detection and patching Storm and wind [&hellip;]<\/p>","protected":false},"author":1,"featured_media":0,"parent":0,"menu_order":0,"comment_status":"closed","ping_status":"closed","template":"","meta":{"footnotes":""},"class_list":["post-199","page","type-page","status-publish","hentry"],"_links":{"self":[{"href":"https:\/\/martinocommercialroofing.com\/es\/wp-json\/wp\/v2\/pages\/199","targetHints":{"allow":["GET"]}}],"collection":[{"href":"https:\/\/martinocommercialroofing.com\/es\/wp-json\/wp\/v2\/pages"}],"about":[{"href":"https:\/\/martinocommercialroofing.com\/es\/wp-json\/wp\/v2\/types\/page"}],"author":[{"embeddable":true,"href":"https:\/\/martinocommercialroofing.com\/es\/wp-json\/wp\/v2\/users\/1"}],"replies":[{"embeddable":true,"href":"https:\/\/martinocommercialroofing.com\/es\/wp-json\/wp\/v2\/comments?post=199"}],"version-history":[{"count":10,"href":"https:\/\/martinocommercialroofing.com\/es\/wp-json\/wp\/v2\/pages\/199\/revisions"}],"predecessor-version":[{"id":214,"href":"https:\/\/martinocommercialroofing.com\/es\/wp-json\/wp\/v2\/pages\/199\/revisions\/214"}],"wp:attachment":[{"href":"https:\/\/martinocommercialroofing.com\/es\/wp-json\/wp\/v2\/media?parent=199"}],"curies":[{"name":"wp","href":"https:\/\/api.w.org\/{rel}","templated":true}]}}