{"id":177,"date":"2025-05-12T15:56:59","date_gmt":"2025-05-12T15:56:59","guid":{"rendered":"https:\/\/martinocommercialroofing.com\/?page_id=177"},"modified":"2025-05-13T13:47:14","modified_gmt":"2025-05-13T13:47:14","slug":"commercial-reroofing-services","status":"publish","type":"page","link":"https:\/\/martinocommercialroofing.com\/es\/commercial-reroofing-services\/","title":{"rendered":"Servicios de Reemplazo de Techos Comerciales"},"content":{"rendered":"<div data-elementor-type=\"wp-page\" data-elementor-id=\"177\" class=\"elementor elementor-177\" data-elementor-post-type=\"page\">\n\t\t\t\t<div data-particle_enable=\"false\" data-particle-mobile-disabled=\"false\" class=\"elementor-element elementor-element-1c5c5916 e-flex e-con-boxed e-con e-parent\" data-id=\"1c5c5916\" data-element_type=\"container\" data-settings=\"{&quot;background_background&quot;:&quot;classic&quot;}\">\n\t\t\t\t\t<div class=\"e-con-inner\">\n\t\t\t\t\t<\/div>\n\t\t\t\t<\/div>\n\t\t<div data-particle_enable=\"false\" data-particle-mobile-disabled=\"false\" class=\"elementor-element elementor-element-4a07614 e-flex e-con-boxed e-con e-parent\" data-id=\"4a07614\" data-element_type=\"container\">\n\t\t\t\t\t<div class=\"e-con-inner\">\n\t\t\t\t<div class=\"elementor-element elementor-element-891381c elementor-invisible elementor-widget elementor-widget-text-editor\" data-id=\"891381c\" data-element_type=\"widget\" data-settings=\"{&quot;_animation&quot;:&quot;fadeIn&quot;}\" data-widget_type=\"text-editor.default\">\n\t\t\t\t<div class=\"elementor-widget-container\">\n\t\t\t\t\t\t\t\t\t<p class=\"\" data-start=\"1282\" data-end=\"1520\">Ya sea que tu techo actual est\u00e9 envejecido, presentando fallas o ya no cumpla con los\nest\u00e1ndares de rendimiento, nuestras soluciones de retechado comercial <strong data-start=\"1423\" data-end=\"1476\">est\u00e1n dise\u00f1adas para restaurar la protecci\u00f3n, eficiencia y tranquilidad\u2014sin<\/strong>interrumpir tus operaciones diarias.<\/p><p class=\"\" data-start=\"1522\" data-end=\"1676\">En Martino Roofing, nos especializamos <strong data-start=\"1559\" data-end=\"1608\">en sistemas de retechado rentables<\/strong> y conformes con los c\u00f3digos, que extienden la vida \u00fatil del edificio y minimizan interrupciones.<\/p>\t\t\t\t\t\t\t\t<\/div>\n\t\t\t\t<\/div>\n\t\t\t\t\t<\/div>\n\t\t\t\t<\/div>\n\t\t<div data-particle_enable=\"false\" data-particle-mobile-disabled=\"false\" class=\"elementor-element elementor-element-1c16a2a e-flex e-con-boxed e-con e-parent\" data-id=\"1c16a2a\" data-element_type=\"container\">\n\t\t\t\t\t<div class=\"e-con-inner\">\n\t\t<div data-particle_enable=\"false\" data-particle-mobile-disabled=\"false\" class=\"elementor-element elementor-element-84c6355 e-con-full e-flex e-con e-child\" data-id=\"84c6355\" data-element_type=\"container\">\n\t\t\t\t<div class=\"elementor-element elementor-element-cfe8c07 elementor-invisible elementor-widget elementor-widget-image\" data-id=\"cfe8c07\" data-element_type=\"widget\" data-settings=\"{&quot;_animation&quot;:&quot;fadeIn&quot;}\" data-widget_type=\"image.default\">\n\t\t\t\t<div class=\"elementor-widget-container\">\n\t\t\t\t\t\t\t\t\t\t\t\t\t\t\t<img fetchpriority=\"high\" decoding=\"async\" width=\"600\" height=\"700\" src=\"https:\/\/martinocommercialroofing.com\/wp-content\/uploads\/2025\/05\/14.jpg\" class=\"attachment-large size-large wp-image-82\" alt=\"\" srcset=\"https:\/\/martinocommercialroofing.com\/wp-content\/uploads\/2025\/05\/14.jpg 600w, https:\/\/martinocommercialroofing.com\/wp-content\/uploads\/2025\/05\/14-257x300.jpg 257w\" sizes=\"(max-width: 600px) 100vw, 600px\" \/>\t\t\t\t\t\t\t\t\t\t\t\t\t\t\t<\/div>\n\t\t\t\t<\/div>\n\t\t\t\t<\/div>\n\t\t<div data-particle_enable=\"false\" data-particle-mobile-disabled=\"false\" class=\"elementor-element elementor-element-d522d25 e-con-full e-flex e-con e-child\" data-id=\"d522d25\" data-element_type=\"container\">\n\t\t\t\t<div class=\"elementor-element elementor-element-ef51480 elementor-invisible elementor-widget elementor-widget-text-editor\" data-id=\"ef51480\" data-element_type=\"widget\" data-settings=\"{&quot;_animation&quot;:&quot;fadeIn&quot;}\" data-widget_type=\"text-editor.default\">\n\t\t\t\t<div class=\"elementor-widget-container\">\n\t\t\t\t\t\t\t\t\t<p class=\"\" data-start=\"1678\" data-end=\"1713\"><strong data-start=\"1678\" data-end=\"1713\">Nuestros Servicios de Retechado Incluyen:<\/strong><\/p><ul data-start=\"1714\" data-end=\"2138\"><li class=\"\" data-start=\"1714\" data-end=\"1844\"><p class=\"\" data-start=\"1716\" data-end=\"1748\">Evaluaciones integrales del techo<\/p><ul data-start=\"1751\" data-end=\"1844\"><li class=\"\" data-start=\"1751\" data-end=\"1797\"><p class=\"\" data-start=\"1753\" data-end=\"1797\">Inspecciones detalladas y reportes de condici\u00f3n<\/p><\/li><li class=\"\" data-start=\"1800\" data-end=\"1844\"><p class=\"\" data-start=\"1802\" data-end=\"1844\">Pruebas de n\u00facleo y escaneos infrarrojos de humedad (seg\u00fan necesidad)<\/p><\/li><\/ul><\/li><li class=\"\" data-start=\"1845\" data-end=\"1984\"><p class=\"\" data-start=\"1847\" data-end=\"1882\">Opciones de Sistemas de Retechado:<\/p><ul data-start=\"1885\" data-end=\"1984\"><li class=\"\" data-start=\"1885\" data-end=\"1903\"><p class=\"\" data-start=\"1887\" data-end=\"1903\">TPO, PVC, EPDM<\/p><\/li><li class=\"\" data-start=\"1906\" data-end=\"1926\"><p class=\"\" data-start=\"1908\" data-end=\"1926\">Modificado (Modified Bitumen)<\/p><\/li><li class=\"\" data-start=\"1929\" data-end=\"1955\"><p class=\"\" data-start=\"1931\" data-end=\"1955\">Techado Multicapa (BUR)<\/p><\/li><li class=\"\" data-start=\"1958\" data-end=\"1984\"><p class=\"\" data-start=\"1960\" data-end=\"1984\">Sistemas de readaptaci\u00f3n met\u00e1lica<\/p><\/li><\/ul><\/li><li class=\"\" data-start=\"1985\" data-end=\"2038\"><p class=\"\" data-start=\"1987\" data-end=\"2038\">Retiro total o superposici\u00f3n seg\u00fan estructura y presupuesto<\/p><\/li><li class=\"\" data-start=\"2039\" data-end=\"2077\"><p class=\"\" data-start=\"2041\" data-end=\"2077\">Actualizaciones de c\u00f3digo y cumplimiento normativo<\/p><\/li><li class=\"\" data-start=\"2078\" data-end=\"2138\"><p class=\"\" data-start=\"2080\" data-end=\"2138\">Instalaci\u00f3n certificada por el fabricante con garant\u00edas completas<\/p><\/li><\/ul><p class=\"\" data-start=\"2140\" data-end=\"2156\"><strong data-start=\"2140\" data-end=\"2154\">Ideal para:<\/strong><\/p><ul data-start=\"2157\" data-end=\"2311\"><li class=\"\" data-start=\"2157\" data-end=\"2183\"><p class=\"\" data-start=\"2159\" data-end=\"2183\">Escuelas y universidades<\/p><\/li><li class=\"\" data-start=\"2184\" data-end=\"2221\"><p class=\"\" data-start=\"2186\" data-end=\"2221\">Edificios industriales y almacenes<\/p><\/li><li class=\"\" data-start=\"2222\" data-end=\"2250\"><p class=\"\" data-start=\"2224\" data-end=\"2250\">Centros comerciales y tiendas<\/p><\/li><li class=\"\" data-start=\"2251\" data-end=\"2274\"><p class=\"\" data-start=\"2253\" data-end=\"2274\">Complejos de apartamentos<\/p><\/li><li class=\"\" data-start=\"2275\" data-end=\"2311\"><p class=\"\" data-start=\"2277\" data-end=\"2311\">Edificios gubernamentales y municipales<\/p><\/li><\/ul>\t\t\t\t\t\t\t\t<\/div>\n\t\t\t\t<\/div>\n\t\t\t\t<\/div>\n\t\t\t\t\t<\/div>\n\t\t\t\t<\/div>\n\t\t\t\t<\/div>","protected":false},"excerpt":{"rendered":"<p>Whether your existing roof is aging, failing, or no longer meeting performance standards, our commercial reroofing solutions are designed to restore protection, efficiency, and peace of mind\u2014without compromising your daily operations. At Martino Roofing, we specialize in cost-effective, code-compliant reroof systems that extend the life of your building while minimizing disruptions. Our Reroofing Services Include: [&hellip;]<\/p>","protected":false},"author":1,"featured_media":0,"parent":0,"menu_order":0,"comment_status":"closed","ping_status":"closed","template":"","meta":{"footnotes":""},"class_list":["post-177","page","type-page","status-publish","hentry"],"_links":{"self":[{"href":"https:\/\/martinocommercialroofing.com\/es\/wp-json\/wp\/v2\/pages\/177","targetHints":{"allow":["GET"]}}],"collection":[{"href":"https:\/\/martinocommercialroofing.com\/es\/wp-json\/wp\/v2\/pages"}],"about":[{"href":"https:\/\/martinocommercialroofing.com\/es\/wp-json\/wp\/v2\/types\/page"}],"author":[{"embeddable":true,"href":"https:\/\/martinocommercialroofing.com\/es\/wp-json\/wp\/v2\/users\/1"}],"replies":[{"embeddable":true,"href":"https:\/\/martinocommercialroofing.com\/es\/wp-json\/wp\/v2\/comments?post=177"}],"version-history":[{"count":13,"href":"https:\/\/martinocommercialroofing.com\/es\/wp-json\/wp\/v2\/pages\/177\/revisions"}],"predecessor-version":[{"id":286,"href":"https:\/\/martinocommercialroofing.com\/es\/wp-json\/wp\/v2\/pages\/177\/revisions\/286"}],"wp:attachment":[{"href":"https:\/\/martinocommercialroofing.com\/es\/wp-json\/wp\/v2\/media?parent=177"}],"curies":[{"name":"wp","href":"https:\/\/api.w.org\/{rel}","templated":true}]}}